{"id":948,"date":"2023-08-23T12:44:44","date_gmt":"2023-08-23T12:44:44","guid":{"rendered":"https:\/\/traduceri-autorizate-germana.ro\/?page_id=948"},"modified":"2023-09-08T11:08:36","modified_gmt":"2023-09-08T11:08:36","slug":"cookie-uri","status":"publish","type":"page","link":"https:\/\/traduceri-autorizate-germana.ro\/de\/cookie-uri\/","title":{"rendered":"Cookie-uri"},"content":{"rendered":"<div data-elementor-type=\"wp-page\" data-elementor-id=\"948\" class=\"elementor elementor-948\" data-elementor-post-type=\"page\">\n\t\t\t\t<div class=\"elementor-element elementor-element-b523dac e-flex e-con-boxed e-con e-parent\" data-id=\"b523dac\" data-element_type=\"container\" data-settings=\"{&quot;background_background&quot;:&quot;classic&quot;}\">\n\t\t\t\t\t<div class=\"e-con-inner\">\n\t\t<div class=\"elementor-element elementor-element-aa31aa5 e-flex e-con-boxed e-con e-child\" data-id=\"aa31aa5\" data-element_type=\"container\">\n\t\t\t\t\t<div class=\"e-con-inner\">\n\t\t\t\t<div class=\"elementor-element elementor-element-0912862 elementor-icon-list--layout-traditional elementor-list-item-link-full_width elementor-widget elementor-widget-icon-list\" data-id=\"0912862\" data-element_type=\"widget\" data-widget_type=\"icon-list.default\">\n\t\t\t\t<div class=\"elementor-widget-container\">\n\t\t\t\t\t\t\t<ul class=\"elementor-icon-list-items\">\n\t\t\t\t\t\t\t<li class=\"elementor-icon-list-item\">\n\t\t\t\t\t\t\t\t\t\t\t<a href=\"https:\/\/traduceri-autorizate-germana.ro\/de\">\n\n\t\t\t\t\t\t\t\t\t\t\t\t<span class=\"elementor-icon-list-icon\">\n\t\t\t\t\t\t\t<svg aria-hidden=\"true\" class=\"e-font-icon-svg e-fas-angle-double-left\" viewbox=\"0 0 448 512\" xmlns=\"http:\/\/www.w3.org\/2000\/svg\"><path d=\"M223.7 239l136-136c9.4-9.4 24.6-9.4 33.9 0l22.6 22.6c9.4 9.4 9.4 24.6 0 33.9L319.9 256l96.4 96.4c9.4 9.4 9.4 24.6 0 33.9L393.7 409c-9.4 9.4-24.6 9.4-33.9 0l-136-136c-9.5-9.4-9.5-24.6-.1-34zm-192 34l136 136c9.4 9.4 24.6 9.4 33.9 0l22.6-22.6c9.4-9.4 9.4-24.6 0-33.9L127.9 256l96.4-96.4c9.4-9.4 9.4-24.6 0-33.9L201.7 103c-9.4-9.4-24.6-9.4-33.9 0l-136 136c-9.5 9.4-9.5 24.6-.1 34z\"><\/path><\/svg>\t\t\t\t\t\t<\/span>\n\t\t\t\t\t\t\t\t\t\t<span class=\"elementor-icon-list-text\">Startseite<\/span>\n\t\t\t\t\t\t\t\t\t\t\t<\/a>\n\t\t\t\t\t\t\t\t\t<\/li>\n\t\t\t\t\t\t<\/ul>\n\t\t\t\t\t\t<\/div>\n\t\t\t\t<\/div>\n\t\t\t\t<div class=\"elementor-element elementor-element-7b6c25b elementor-widget elementor-widget-heading\" data-id=\"7b6c25b\" data-element_type=\"widget\" data-widget_type=\"heading.default\">\n\t\t\t\t<div class=\"elementor-widget-container\">\n\t\t\t\t\t<h1 class=\"elementor-heading-title elementor-size-default\">Cookie-uri<\/h1>\t\t\t\t<\/div>\n\t\t\t\t<\/div>\n\t\t\t\t\t<\/div>\n\t\t\t\t<\/div>\n\t\t\t\t\t<\/div>\n\t\t\t\t<\/div>\n\t\t<div class=\"elementor-element elementor-element-0351424 e-flex e-con-boxed e-con e-parent\" data-id=\"0351424\" data-element_type=\"container\">\n\t\t\t\t\t<div class=\"e-con-inner\">\n\t\t<div class=\"elementor-element elementor-element-c58a096 e-con-full e-flex e-con e-child\" data-id=\"c58a096\" data-element_type=\"container\">\n\t\t\t\t<div class=\"elementor-element elementor-element-1aa3eea elementor-widget elementor-widget-text-editor\" data-id=\"1aa3eea\" data-element_type=\"widget\" data-widget_type=\"text-editor.default\">\n\t\t\t\t<div class=\"elementor-widget-container\">\n\t\t\t\t\t\t\t\t\t<p>Politica de cookie-uri explic\u0103 ce sunt cookie-urile, ce tip de cookie-uri folosim, informa\u021biile pe care le colect\u0103m cu ajutorul modulelor cookie, modul \u00een care sunt utilizate aceste informa\u021bii pe site-ul traduceri-autorizate-germana.ro.<\/p><p>Utilizatorul \u00ee\u0219i poate da consim\u021b\u0103m\u00e2ntul pentru utilizarea cookie-urilor dar \u00eel \u0219i poate revoca modific\u00e2nd set\u0103rile de pe browser-ul folosit, care \u00eei permite s\u0103 accepte sau s\u0103 refuze setarea tuturor sau a anumitor cookie-uri.<\/p>\t\t\t\t\t\t\t\t<\/div>\n\t\t\t\t<\/div>\n\t\t\t\t<div class=\"elementor-element elementor-element-c03c385 elementor-widget elementor-widget-heading\" data-id=\"c03c385\" data-element_type=\"widget\" data-widget_type=\"heading.default\">\n\t\t\t\t<div class=\"elementor-widget-container\">\n\t\t\t\t\t<h2 class=\"elementor-heading-title elementor-size-default\">Ce sunt cookie-urile?<\/h2>\t\t\t\t<\/div>\n\t\t\t\t<\/div>\n\t\t\t\t<div class=\"elementor-element elementor-element-89c430a elementor-widget-divider--view-line elementor-widget elementor-widget-divider\" data-id=\"89c430a\" data-element_type=\"widget\" data-widget_type=\"divider.default\">\n\t\t\t\t<div class=\"elementor-widget-container\">\n\t\t\t\t\t\t\t<div class=\"elementor-divider\">\n\t\t\t<span class=\"elementor-divider-separator\">\n\t\t\t\t\t\t<\/span>\n\t\t<\/div>\n\t\t\t\t\t\t<\/div>\n\t\t\t\t<\/div>\n\t\t\t\t<div class=\"elementor-element elementor-element-27f8bcd elementor-widget elementor-widget-text-editor\" data-id=\"27f8bcd\" data-element_type=\"widget\" data-widget_type=\"text-editor.default\">\n\t\t\t\t<div class=\"elementor-widget-container\">\n\t\t\t\t\t\t\t\t\t<p>Un \u201cInternet Cookie\u201d (termen cunoscut \u0219i ca \u201cbrowser cookie\u201d sau pur \u0219i simplu\u201ccookie\u201d) este un fi\u0219ier de mici dimensiuni, format din litere \u0219i numere, care va fi stocat pe computerul, terminalul mobil sau alte echipamente ale unui utilizator de pe care se acceseaz\u0103 Internetul.<\/p><p>Un cookie este format din 2 p\u0103r\u021bi: numele \u0219i con\u021binutul sau valoarea cookie-ului.<\/p>\t\t\t\t\t\t\t\t<\/div>\n\t\t\t\t<\/div>\n\t\t\t\t<div class=\"elementor-element elementor-element-9d3c0c6 elementor-widget elementor-widget-heading\" data-id=\"9d3c0c6\" data-element_type=\"widget\" data-widget_type=\"heading.default\">\n\t\t\t\t<div class=\"elementor-widget-container\">\n\t\t\t\t\t<h3 class=\"elementor-heading-title elementor-size-default\">Pentru ce folosim cookie-urile?<\/h3>\t\t\t\t<\/div>\n\t\t\t\t<\/div>\n\t\t\t\t<div class=\"elementor-element elementor-element-9c12944 elementor-widget-divider--view-line elementor-widget elementor-widget-divider\" data-id=\"9c12944\" data-element_type=\"widget\" data-widget_type=\"divider.default\">\n\t\t\t\t<div class=\"elementor-widget-container\">\n\t\t\t\t\t\t\t<div class=\"elementor-divider\">\n\t\t\t<span class=\"elementor-divider-separator\">\n\t\t\t\t\t\t<\/span>\n\t\t<\/div>\n\t\t\t\t\t\t<\/div>\n\t\t\t\t<\/div>\n\t\t\t\t<div class=\"elementor-element elementor-element-2868c25 elementor-widget elementor-widget-text-editor\" data-id=\"2868c25\" data-element_type=\"widget\" data-widget_type=\"text-editor.default\">\n\t\t\t\t<div class=\"elementor-widget-container\">\n\t\t\t\t\t\t\t\t\t<p>Modulele cookie sunt folosite pentru a distinge utilizatorul de al\u021bi utilizatori ai site-ului.<\/p><p>Cookie-urile sunt folosite pentru ca site-ul nostru s\u0103-\u0219i aminteasc\u0103 ce ai f\u0103cut \u00een timpul navig\u0103rii, de exemplu, ce articole ai accesat, de pe ce dispozitiv s-a accesat.<\/p>\t\t\t\t\t\t\t\t<\/div>\n\t\t\t\t<\/div>\n\t\t\t\t<div class=\"elementor-element elementor-element-98186c0 elementor-widget elementor-widget-heading\" data-id=\"98186c0\" data-element_type=\"widget\" data-widget_type=\"heading.default\">\n\t\t\t\t<div class=\"elementor-widget-container\">\n\t\t\t\t\t<h3 class=\"elementor-heading-title elementor-size-default\">Ce tipuri de cookie-uri folosim pe traduceri-autorizate-germana.ro?<\/h3>\t\t\t\t<\/div>\n\t\t\t\t<\/div>\n\t\t\t\t<div class=\"elementor-element elementor-element-24779c1 elementor-widget-divider--view-line elementor-widget elementor-widget-divider\" data-id=\"24779c1\" data-element_type=\"widget\" data-widget_type=\"divider.default\">\n\t\t\t\t<div class=\"elementor-widget-container\">\n\t\t\t\t\t\t\t<div class=\"elementor-divider\">\n\t\t\t<span class=\"elementor-divider-separator\">\n\t\t\t\t\t\t<\/span>\n\t\t<\/div>\n\t\t\t\t\t\t<\/div>\n\t\t\t\t<\/div>\n\t\t\t\t<div class=\"elementor-element elementor-element-5677f5f elementor-widget elementor-widget-text-editor\" data-id=\"5677f5f\" data-element_type=\"widget\" data-widget_type=\"text-editor.default\">\n\t\t\t\t<div class=\"elementor-widget-container\">\n\t\t\t\t\t\t\t\t\t<ul><li>Cookie-uri necesare care asigur\u0103 buna func\u021bionare a site-ului. Acest tip de cookie-uri sunt necesare pentru ca traduceri-autorizate-germana.ro s\u0103 permit\u0103 utilizatorilor s\u0103i s\u0103 foloseasc\u0103 acest site.<\/li><li>Cookie-uri analitice\/de performan\u021b\u0103 (Google Analytics), aceste cookie-uri ne permit s\u0103 recunoa\u0219tem \u0219i s\u0103 calcul\u0103m num\u0103rul de vizitatori pe site-ul nostru \u0219i s\u0103 vedem cum se mi\u0219c\u0103 vizitatorii, atunci c\u00e2nd \u00eel folosesc. Acest lucru ne ajut\u0103 s\u0103 \u00eembun\u0103t\u0103\u021bim modul \u00een care func\u021bioneaz\u0103 site-ul nostru, de exemplu, asigur\u00e2ndu-ne c\u0103 utilizatorii g\u0103sesc cu u\u0219urin\u021b\u0103 ceea ce caut\u0103.<\/li><li>Cookie-uri pentru re\u021bele de socializare\u202f (Facebook), acest tip de cookie-uri permit integrarea re\u021belelor de socializare (Facebook) pe site-ul web \u0219i \u00ee\u021bi dau posibilitatea s\u0103 apreciezi sau s\u0103 distribui imediat o pagin\u0103 sau un produs pe serviciul de socializare preferat.<\/li><\/ul>\t\t\t\t\t\t\t\t<\/div>\n\t\t\t\t<\/div>\n\t\t\t\t<div class=\"elementor-element elementor-element-2430610 elementor-widget elementor-widget-heading\" data-id=\"2430610\" data-element_type=\"widget\" data-widget_type=\"heading.default\">\n\t\t\t\t<div class=\"elementor-widget-container\">\n\t\t\t\t\t<h4 class=\"elementor-heading-title elementor-size-default\">Cum pot gestiona, dezactiva \u0219i \u0219terge cookie-urile?<\/h4>\t\t\t\t<\/div>\n\t\t\t\t<\/div>\n\t\t\t\t<div class=\"elementor-element elementor-element-a66ed13 elementor-widget-divider--view-line elementor-widget elementor-widget-divider\" data-id=\"a66ed13\" data-element_type=\"widget\" data-widget_type=\"divider.default\">\n\t\t\t\t<div class=\"elementor-widget-container\">\n\t\t\t\t\t\t\t<div class=\"elementor-divider\">\n\t\t\t<span class=\"elementor-divider-separator\">\n\t\t\t\t\t\t<\/span>\n\t\t<\/div>\n\t\t\t\t\t\t<\/div>\n\t\t\t\t<\/div>\n\t\t\t\t<div class=\"elementor-element elementor-element-031720a elementor-widget elementor-widget-text-editor\" data-id=\"031720a\" data-element_type=\"widget\" data-widget_type=\"text-editor.default\">\n\t\t\t\t<div class=\"elementor-widget-container\">\n\t\t\t\t\t\t\t\t\t<p>Utilizatorii \u00ee\u0219i pot configura browserul s\u0103 accepte \/ resping\u0103 fi\u0219ierele cookie.<\/p><p>Dezactivarea \u0219i refuzul de a primi cookie-uri pot face anumite sec\u021biuni \/ pagini impracticabile sau dificil de vizitat \u0219i folosit.<\/p><p>Informa\u021bii detaliate referitoare la modalit\u0103\u021bile de gestionare, dezactivare \u0219i \u0219tergere a cookie- urilor prin utilizarea set\u0103rilor broswer-ului folosit pentru navigarea pe Internet sunt disponibile la urm\u0103toarele adrese:<\/p>\t\t\t\t\t\t\t\t<\/div>\n\t\t\t\t<\/div>\n\t\t\t\t<div class=\"elementor-element elementor-element-2dc0de3 elementor-widget elementor-widget-text-editor\" data-id=\"2dc0de3\" data-element_type=\"widget\" data-widget_type=\"text-editor.default\">\n\t\t\t\t<div class=\"elementor-widget-container\">\n\t\t\t\t\t\t\t\t\t<p><strong>INTERNET EXPLORER<\/strong><\/p><p>Stergerea si gestionarea modulelor cookie (IE 8, 9 \u0219i 10):<\/p><ul><li><a href=\"http:\/\/windows.microsoft.com\/ro-RO\/internet-explorer\/delete-manage-cookies#ie=ie-8\" target=\"_blank\" rel=\"noreferrer noopener\">Internet Explorer 8<\/a><\/li><li><a href=\"http:\/\/windows.microsoft.com\/ro-RO\/internet-explorer\/delete-manage-cookies#ie=ie-9\" target=\"_blank\" rel=\"noreferrer noopener\">Internet Explorer 9<\/a><\/li><li><a href=\"http:\/\/windows.microsoft.com\/ro-RO\/internet-explorer\/delete-manage-cookies#ie=ie-10\" target=\"_blank\" rel=\"noreferrer noopener\">Internet Explorer 10<\/a><\/li><\/ul><p>\u00a0<\/p><p><strong>MOZILLA FIREFOX<\/strong><\/p><p>Setarile pentru cookie-uri si depanarea cookie-urilor (activare si dezactivare cookie-uri, eliminare cookie-uri, blocarea anumitor site-uri de la plasarea de cookie-uri, deblocarea plasarii de cooki-euri, etc)<\/p><ul><li><a href=\"http:\/\/support.mozilla.org\/ro\/kb\/cookie-urile\" target=\"_blank\" rel=\"noreferrer noopener\">Sterge cookies pentru a elimina informatiile stocate in computerul tau de alte pagini web<\/a><\/li><\/ul><p>\u00a0<\/p><p><strong>GOOGLE CHROME<\/strong><\/p><p>Gestionarea cookie-urilor (stergere, blocare, permitere, stabilirea de exceptii, etc)<\/p><ul><li><a href=\"https:\/\/support.google.com\/chrome\/bin\/answer.py?hl=ro&amp;answer=95647\" target=\"_blank\" rel=\"noreferrer noopener\">Gestionarea cookie-urilor si a datelor despre site-uri<\/a><\/li><\/ul><p>\u00a0<\/p><p><strong>SAFARI<\/strong><\/p><p>Manage cookies \u2013 Administreaza cookie-uri (doar in limba engleza)<\/p><ul><li><a href=\"http:\/\/support.apple.com\/kb\/PH11913\" target=\"_blank\" rel=\"noreferrer noopener\">Safari 6 (OS X Mountain Lion): Manage cookies<\/a><\/li><\/ul><p>Remove cookies \u2013 Sterge cookie-uri (doar in limba engleza)<\/p><ul><li><a href=\"http:\/\/support.apple.com\/kb\/PH11920\" target=\"_blank\" rel=\"noreferrer noopener\">Safari 6 (OS X Mountain Lion): Remove cookies and other data<\/a><\/li><\/ul><p>\u00a0<\/p><p><strong>OPERA<\/strong><\/p><p>Gestionare si stergere cookie-uri (doar in limba engleza)<\/p><ul><li><a href=\"http:\/\/help.opera.com\/Windows\/12.10\/en\/cookies.html\" target=\"_blank\" rel=\"noreferrer noopener\">Gestionarea cookie-urilor \u0219i a datelor despre site-uri<\/a><\/li><\/ul>\t\t\t\t\t\t\t\t<\/div>\n\t\t\t\t<\/div>\n\t\t\t\t<\/div>\n\t\t\t\t\t<\/div>\n\t\t\t\t<\/div>\n\t\t\t\t<\/div>","protected":false},"excerpt":{"rendered":"<p>Acas\u0103 Cookie-uri Politica de cookie-uri explic\u0103 ce sunt cookie-urile, ce tip de cookie-uri folosim, informa\u021biile pe care le colect\u0103m cu ajutorul modulelor cookie, modul \u00een care sunt utilizate aceste informa\u021bii pe site-ul traduceri-autorizate-germana.ro. Utilizatorul \u00ee\u0219i poate da consim\u021b\u0103m\u00e2ntul pentru utilizarea cookie-urilor dar \u00eel \u0219i poate revoca modific\u00e2nd set\u0103rile de pe browser-ul folosit, care \u00eei permite [&hellip;]<\/p>","protected":false},"author":1,"featured_media":0,"parent":0,"menu_order":0,"comment_status":"closed","ping_status":"closed","template":"","meta":{"footnotes":""},"class_list":["post-948","page","type-page","status-publish","hentry"],"yoast_head":"<!-- This site is optimized with the Yoast SEO plugin v25.3.1 - https:\/\/yoast.com\/wordpress\/plugins\/seo\/ -->\n<title>Cookie-uri - Traduceri autorizate<\/title>\n<meta name=\"robots\" content=\"index, follow, max-snippet:-1, max-image-preview:large, max-video-preview:-1\" \/>\n<link rel=\"canonical\" href=\"https:\/\/traduceri-autorizate-germana.ro\/de\/cookie-uri\/\" \/>\n<meta property=\"og:locale\" content=\"de_DE\" \/>\n<meta property=\"og:type\" content=\"article\" \/>\n<meta property=\"og:title\" content=\"Cookie-uri - Traduceri autorizate\" \/>\n<meta property=\"og:description\" content=\"Acas\u0103 Cookie-uri Politica de cookie-uri explic\u0103 ce sunt cookie-urile, ce tip de cookie-uri folosim, informa\u021biile pe care le colect\u0103m cu ajutorul modulelor cookie, modul \u00een care sunt utilizate aceste informa\u021bii pe site-ul traduceri-autorizate-germana.ro. Utilizatorul \u00ee\u0219i poate da consim\u021b\u0103m\u00e2ntul pentru utilizarea cookie-urilor dar \u00eel \u0219i poate revoca modific\u00e2nd set\u0103rile de pe browser-ul folosit, care \u00eei permite [&hellip;]\" \/>\n<meta property=\"og:url\" content=\"https:\/\/traduceri-autorizate-germana.ro\/de\/cookie-uri\/\" \/>\n<meta property=\"og:site_name\" content=\"Traduceri autorizate\" \/>\n<meta property=\"article:modified_time\" content=\"2023-09-08T11:08:36+00:00\" \/>\n<meta name=\"twitter:card\" content=\"summary_large_image\" \/>\n<meta name=\"twitter:label1\" content=\"Gesch\u00e4tzte Lesezeit\" \/>\n\t<meta name=\"twitter:data1\" content=\"3\u00a0Minuten\" \/>\n<script type=\"application\/ld+json\" class=\"yoast-schema-graph\">{\"@context\":\"https:\/\/schema.org\",\"@graph\":[{\"@type\":\"WebPage\",\"@id\":\"https:\/\/traduceri-autorizate-germana.ro\/de\/cookie-uri\/\",\"url\":\"https:\/\/traduceri-autorizate-germana.ro\/de\/cookie-uri\/\",\"name\":\"Cookie-uri - Traduceri autorizate\",\"isPartOf\":{\"@id\":\"https:\/\/traduceri-autorizate-germana.ro\/#website\"},\"datePublished\":\"2023-08-23T12:44:44+00:00\",\"dateModified\":\"2023-09-08T11:08:36+00:00\",\"breadcrumb\":{\"@id\":\"https:\/\/traduceri-autorizate-germana.ro\/de\/cookie-uri\/#breadcrumb\"},\"inLanguage\":\"de\",\"potentialAction\":[{\"@type\":\"ReadAction\",\"target\":[\"https:\/\/traduceri-autorizate-germana.ro\/de\/cookie-uri\/\"]}]},{\"@type\":\"BreadcrumbList\",\"@id\":\"https:\/\/traduceri-autorizate-germana.ro\/de\/cookie-uri\/#breadcrumb\",\"itemListElement\":[{\"@type\":\"ListItem\",\"position\":1,\"name\":\"Prima pagin\u0103\",\"item\":\"https:\/\/traduceri-autorizate-germana.ro\/\"},{\"@type\":\"ListItem\",\"position\":2,\"name\":\"Cookie-uri\"}]},{\"@type\":\"WebSite\",\"@id\":\"https:\/\/traduceri-autorizate-germana.ro\/#website\",\"url\":\"https:\/\/traduceri-autorizate-germana.ro\/\",\"name\":\"Traduceri Autorizate Germana\",\"description\":\"din german\u0103 \u00een rom\u00e2n\u0103 \u0219i din rom\u00e2n\u0103 \u00een german\u0103\",\"publisher\":{\"@id\":\"https:\/\/traduceri-autorizate-germana.ro\/#organization\"},\"potentialAction\":[{\"@type\":\"SearchAction\",\"target\":{\"@type\":\"EntryPoint\",\"urlTemplate\":\"https:\/\/traduceri-autorizate-germana.ro\/?s={search_term_string}\"},\"query-input\":{\"@type\":\"PropertyValueSpecification\",\"valueRequired\":true,\"valueName\":\"search_term_string\"}}],\"inLanguage\":\"de\"},{\"@type\":\"Organization\",\"@id\":\"https:\/\/traduceri-autorizate-germana.ro\/#organization\",\"name\":\"Traduceri Autorizate Germana\",\"url\":\"https:\/\/traduceri-autorizate-germana.ro\/\",\"logo\":{\"@type\":\"ImageObject\",\"inLanguage\":\"de\",\"@id\":\"https:\/\/traduceri-autorizate-germana.ro\/#\/schema\/logo\/image\/\",\"url\":\"https:\/\/traduceri-autorizate-germana.ro\/wp-content\/uploads\/2023\/07\/logo_diacritice.png\",\"contentUrl\":\"https:\/\/traduceri-autorizate-germana.ro\/wp-content\/uploads\/2023\/07\/logo_diacritice.png\",\"width\":1078,\"height\":372,\"caption\":\"Traduceri Autorizate Germana\"},\"image\":{\"@id\":\"https:\/\/traduceri-autorizate-germana.ro\/#\/schema\/logo\/image\/\"}}]}<\/script>\n<!-- \/ Yoast SEO plugin. -->","yoast_head_json":{"title":"Cookie-uri - Traduceri autorizate","robots":{"index":"index","follow":"follow","max-snippet":"max-snippet:-1","max-image-preview":"max-image-preview:large","max-video-preview":"max-video-preview:-1"},"canonical":"https:\/\/traduceri-autorizate-germana.ro\/de\/cookie-uri\/","og_locale":"de_DE","og_type":"article","og_title":"Cookie-uri - Traduceri autorizate","og_description":"Acas\u0103 Cookie-uri Politica de cookie-uri explic\u0103 ce sunt cookie-urile, ce tip de cookie-uri folosim, informa\u021biile pe care le colect\u0103m cu ajutorul modulelor cookie, modul \u00een care sunt utilizate aceste informa\u021bii pe site-ul traduceri-autorizate-germana.ro. Utilizatorul \u00ee\u0219i poate da consim\u021b\u0103m\u00e2ntul pentru utilizarea cookie-urilor dar \u00eel \u0219i poate revoca modific\u00e2nd set\u0103rile de pe browser-ul folosit, care \u00eei permite [&hellip;]","og_url":"https:\/\/traduceri-autorizate-germana.ro\/de\/cookie-uri\/","og_site_name":"Traduceri autorizate","article_modified_time":"2023-09-08T11:08:36+00:00","twitter_card":"summary_large_image","twitter_misc":{"Gesch\u00e4tzte Lesezeit":"3\u00a0Minuten"},"schema":{"@context":"https:\/\/schema.org","@graph":[{"@type":"WebPage","@id":"https:\/\/traduceri-autorizate-germana.ro\/de\/cookie-uri\/","url":"https:\/\/traduceri-autorizate-germana.ro\/de\/cookie-uri\/","name":"Cookie-uri - Traduceri autorizate","isPartOf":{"@id":"https:\/\/traduceri-autorizate-germana.ro\/#website"},"datePublished":"2023-08-23T12:44:44+00:00","dateModified":"2023-09-08T11:08:36+00:00","breadcrumb":{"@id":"https:\/\/traduceri-autorizate-germana.ro\/de\/cookie-uri\/#breadcrumb"},"inLanguage":"de","potentialAction":[{"@type":"ReadAction","target":["https:\/\/traduceri-autorizate-germana.ro\/de\/cookie-uri\/"]}]},{"@type":"BreadcrumbList","@id":"https:\/\/traduceri-autorizate-germana.ro\/de\/cookie-uri\/#breadcrumb","itemListElement":[{"@type":"ListItem","position":1,"name":"Prima pagin\u0103","item":"https:\/\/traduceri-autorizate-germana.ro\/"},{"@type":"ListItem","position":2,"name":"Cookie-uri"}]},{"@type":"WebSite","@id":"https:\/\/traduceri-autorizate-germana.ro\/#website","url":"https:\/\/traduceri-autorizate-germana.ro\/","name":"Traduceri Autorizate Germana","description":"din german\u0103 \u00een rom\u00e2n\u0103 \u0219i din rom\u00e2n\u0103 \u00een german\u0103","publisher":{"@id":"https:\/\/traduceri-autorizate-germana.ro\/#organization"},"potentialAction":[{"@type":"SearchAction","target":{"@type":"EntryPoint","urlTemplate":"https:\/\/traduceri-autorizate-germana.ro\/?s={search_term_string}"},"query-input":{"@type":"PropertyValueSpecification","valueRequired":true,"valueName":"search_term_string"}}],"inLanguage":"de"},{"@type":"Organization","@id":"https:\/\/traduceri-autorizate-germana.ro\/#organization","name":"Traduceri Autorizate Germana","url":"https:\/\/traduceri-autorizate-germana.ro\/","logo":{"@type":"ImageObject","inLanguage":"de","@id":"https:\/\/traduceri-autorizate-germana.ro\/#\/schema\/logo\/image\/","url":"https:\/\/traduceri-autorizate-germana.ro\/wp-content\/uploads\/2023\/07\/logo_diacritice.png","contentUrl":"https:\/\/traduceri-autorizate-germana.ro\/wp-content\/uploads\/2023\/07\/logo_diacritice.png","width":1078,"height":372,"caption":"Traduceri Autorizate Germana"},"image":{"@id":"https:\/\/traduceri-autorizate-germana.ro\/#\/schema\/logo\/image\/"}}]}},"_links":{"self":[{"href":"https:\/\/traduceri-autorizate-germana.ro\/de\/wp-json\/wp\/v2\/pages\/948","targetHints":{"allow":["GET"]}}],"collection":[{"href":"https:\/\/traduceri-autorizate-germana.ro\/de\/wp-json\/wp\/v2\/pages"}],"about":[{"href":"https:\/\/traduceri-autorizate-germana.ro\/de\/wp-json\/wp\/v2\/types\/page"}],"author":[{"embeddable":true,"href":"https:\/\/traduceri-autorizate-germana.ro\/de\/wp-json\/wp\/v2\/users\/1"}],"replies":[{"embeddable":true,"href":"https:\/\/traduceri-autorizate-germana.ro\/de\/wp-json\/wp\/v2\/comments?post=948"}],"version-history":[{"count":0,"href":"https:\/\/traduceri-autorizate-germana.ro\/de\/wp-json\/wp\/v2\/pages\/948\/revisions"}],"wp:attachment":[{"href":"https:\/\/traduceri-autorizate-germana.ro\/de\/wp-json\/wp\/v2\/media?parent=948"}],"curies":[{"name":"wp","href":"https:\/\/api.w.org\/{rel}","templated":true}]}}