{"id":318,"date":"2023-08-01T09:47:03","date_gmt":"2023-08-01T09:47:03","guid":{"rendered":"https:\/\/traduceri-autorizate-germana.ro\/?page_id=318"},"modified":"2025-06-28T13:35:12","modified_gmt":"2025-06-28T13:35:12","slug":"despre-noi","status":"publish","type":"page","link":"https:\/\/traduceri-autorizate-germana.ro\/de\/uber-uns\/","title":{"rendered":"\u00dcber uns"},"content":{"rendered":"<div data-elementor-type=\"wp-page\" data-elementor-id=\"318\" class=\"elementor elementor-318\" data-elementor-post-type=\"page\">\n\t\t\t\t<div class=\"elementor-element elementor-element-d092428 e-flex e-con-boxed e-con e-parent\" data-id=\"d092428\" data-element_type=\"container\" data-settings=\"{&quot;background_background&quot;:&quot;classic&quot;}\">\n\t\t\t\t\t<div class=\"e-con-inner\">\n\t\t<div class=\"elementor-element elementor-element-f2290a2 e-flex e-con-boxed e-con e-child\" data-id=\"f2290a2\" data-element_type=\"container\">\n\t\t\t\t\t<div class=\"e-con-inner\">\n\t\t\t\t<div class=\"elementor-element elementor-element-dda4021 elementor-icon-list--layout-traditional elementor-list-item-link-full_width elementor-widget elementor-widget-icon-list\" data-id=\"dda4021\" data-element_type=\"widget\" data-widget_type=\"icon-list.default\">\n\t\t\t\t<div class=\"elementor-widget-container\">\n\t\t\t\t\t\t\t<ul class=\"elementor-icon-list-items\">\n\t\t\t\t\t\t\t<li class=\"elementor-icon-list-item\">\n\t\t\t\t\t\t\t\t\t\t\t<a href=\"https:\/\/traduceri-autorizate-germana.ro\/de\">\n\n\t\t\t\t\t\t\t\t\t\t\t\t<span class=\"elementor-icon-list-icon\">\n\t\t\t\t\t\t\t<svg aria-hidden=\"true\" class=\"e-font-icon-svg e-fas-angle-double-left\" viewbox=\"0 0 448 512\" xmlns=\"http:\/\/www.w3.org\/2000\/svg\"><path d=\"M223.7 239l136-136c9.4-9.4 24.6-9.4 33.9 0l22.6 22.6c9.4 9.4 9.4 24.6 0 33.9L319.9 256l96.4 96.4c9.4 9.4 9.4 24.6 0 33.9L393.7 409c-9.4 9.4-24.6 9.4-33.9 0l-136-136c-9.5-9.4-9.5-24.6-.1-34zm-192 34l136 136c9.4 9.4 24.6 9.4 33.9 0l22.6-22.6c9.4-9.4 9.4-24.6 0-33.9L127.9 256l96.4-96.4c9.4-9.4 9.4-24.6 0-33.9L201.7 103c-9.4-9.4-24.6-9.4-33.9 0l-136 136c-9.5 9.4-9.5 24.6-.1 34z\"><\/path><\/svg>\t\t\t\t\t\t<\/span>\n\t\t\t\t\t\t\t\t\t\t<span class=\"elementor-icon-list-text\">Startseite<\/span>\n\t\t\t\t\t\t\t\t\t\t\t<\/a>\n\t\t\t\t\t\t\t\t\t<\/li>\n\t\t\t\t\t\t<\/ul>\n\t\t\t\t\t\t<\/div>\n\t\t\t\t<\/div>\n\t\t\t\t<div class=\"elementor-element elementor-element-3610fb3 elementor-widget elementor-widget-heading\" data-id=\"3610fb3\" data-element_type=\"widget\" data-widget_type=\"heading.default\">\n\t\t\t\t<div class=\"elementor-widget-container\">\n\t\t\t\t\t<h1 class=\"elementor-heading-title elementor-size-default\">\u00dcber uns<\/h1>\t\t\t\t<\/div>\n\t\t\t\t<\/div>\n\t\t\t\t\t<\/div>\n\t\t\t\t<\/div>\n\t\t\t\t\t<\/div>\n\t\t\t\t<\/div>\n\t\t<div class=\"elementor-element elementor-element-41801cf e-flex e-con-boxed e-con e-parent\" data-id=\"41801cf\" data-element_type=\"container\">\n\t\t\t\t\t<div class=\"e-con-inner\">\n\t\t<div class=\"elementor-element elementor-element-b719841 e-con-full e-flex e-con e-child\" data-id=\"b719841\" data-element_type=\"container\">\n\t\t\t\t<div class=\"elementor-element elementor-element-9382b86 elementor-widget elementor-widget-heading\" data-id=\"9382b86\" data-element_type=\"widget\" data-widget_type=\"heading.default\">\n\t\t\t\t<div class=\"elementor-widget-container\">\n\t\t\t\t\t<h2 class=\"elementor-heading-title elementor-size-default\">Unsere Aufgabe <\/h2>\t\t\t\t<\/div>\n\t\t\t\t<\/div>\n\t\t\t\t<div class=\"elementor-element elementor-element-49aa50b elementor-widget-divider--view-line elementor-widget elementor-widget-divider\" data-id=\"49aa50b\" data-element_type=\"widget\" data-widget_type=\"divider.default\">\n\t\t\t\t<div class=\"elementor-widget-container\">\n\t\t\t\t\t\t\t<div class=\"elementor-divider\">\n\t\t\t<span class=\"elementor-divider-separator\">\n\t\t\t\t\t\t<\/span>\n\t\t<\/div>\n\t\t\t\t\t\t<\/div>\n\t\t\t\t<\/div>\n\t\t\t\t<div class=\"elementor-element elementor-element-35d24e6 elementor-widget elementor-widget-text-editor\" data-id=\"35d24e6\" data-element_type=\"widget\" data-widget_type=\"text-editor.default\">\n\t\t\t\t<div class=\"elementor-widget-container\">\n\t\t\t\t\t\t\t\t\t<p>Ist unseren Kunden eine effiziente und genaue Kommunikation zu sichern, sowohl in deutscher als auch in rum\u00e4nischer Sprache, und  stellen sicher dass die Mitteilungen richtig und professional gesendet werden.<\/p><p>Mit einer 20 J\u00e4hrigen Erfahrung im Bereich der \u00dcbersetzungen und des Dolmetschens, m\u00f6chten wir genaue, wahrheitsgem\u00e4\u00dfe und authentische \u00dcbersetzungen liefern um jeden Kundenbedarf zu sichern.<\/p>\t\t\t\t\t\t\t\t<\/div>\n\t\t\t\t<\/div>\n\t\t\t\t<\/div>\n\t\t\t\t\t<\/div>\n\t\t\t\t<\/div>\n\t\t<div class=\"elementor-element elementor-element-67681796 e-con-full e-flex e-con e-parent\" data-id=\"67681796\" data-element_type=\"container\">\n\t\t<div class=\"elementor-element elementor-element-78313baf e-con-full e-flex e-con e-child\" data-id=\"78313baf\" data-element_type=\"container\">\n\t\t\t\t<div class=\"elementor-element elementor-element-6a73009a elementor-widget elementor-widget-heading\" data-id=\"6a73009a\" data-element_type=\"widget\" data-widget_type=\"heading.default\">\n\t\t\t\t<div class=\"elementor-widget-container\">\n\t\t\t\t\t<h3 class=\"elementor-heading-title elementor-size-default\">Nehmen Sie Kontakt zu uns auf<\/h3>\t\t\t\t<\/div>\n\t\t\t\t<\/div>\n\t\t\t\t<div class=\"elementor-element elementor-element-703c2d78 elementor-widget elementor-widget-heading\" data-id=\"703c2d78\" data-element_type=\"widget\" data-widget_type=\"heading.default\">\n\t\t\t\t<div class=\"elementor-widget-container\">\n\t\t\t\t\t<div class=\"elementor-heading-title elementor-size-default\">Wir antworten in k\u00fcrzester Zeit<\/div>\t\t\t\t<\/div>\n\t\t\t\t<\/div>\n\t\t\t\t<\/div>\n\t\t<div class=\"elementor-element elementor-element-755caeb3 e-con-full e-flex e-con e-child\" data-id=\"755caeb3\" data-element_type=\"container\" data-settings=\"{&quot;background_background&quot;:&quot;classic&quot;}\">\n\t\t<div class=\"elementor-element elementor-element-5e1bac7 e-con-full e-flex e-con e-child\" data-id=\"5e1bac7\" data-element_type=\"container\">\n\t\t\t\t<div class=\"elementor-element elementor-element-5666bdbf elementor-view-framed elementor-shape-circle elementor-position-top elementor-mobile-position-top elementor-widget elementor-widget-icon-box\" data-id=\"5666bdbf\" data-element_type=\"widget\" data-widget_type=\"icon-box.default\">\n\t\t\t\t<div class=\"elementor-widget-container\">\n\t\t\t\t\t\t\t<div class=\"elementor-icon-box-wrapper\">\n\n\t\t\t\t\t\t<div class=\"elementor-icon-box-icon\">\n\t\t\t\t<a href=\"tel:0740531822\" class=\"elementor-icon\" tabindex=\"-1\" aria-label=\"Telefon\">\n\t\t\t\t<svg aria-hidden=\"true\" class=\"e-font-icon-svg e-fas-phone-volume\" viewbox=\"0 0 384 512\" xmlns=\"http:\/\/www.w3.org\/2000\/svg\"><path d=\"M97.333 506.966c-129.874-129.874-129.681-340.252 0-469.933 5.698-5.698 14.527-6.632 21.263-2.422l64.817 40.513a17.187 17.187 0 0 1 6.849 20.958l-32.408 81.021a17.188 17.188 0 0 1-17.669 10.719l-55.81-5.58c-21.051 58.261-20.612 122.471 0 179.515l55.811-5.581a17.188 17.188 0 0 1 17.669 10.719l32.408 81.022a17.188 17.188 0 0 1-6.849 20.958l-64.817 40.513a17.19 17.19 0 0 1-21.264-2.422zM247.126 95.473c11.832 20.047 11.832 45.008 0 65.055-3.95 6.693-13.108 7.959-18.718 2.581l-5.975-5.726c-3.911-3.748-4.793-9.622-2.261-14.41a32.063 32.063 0 0 0 0-29.945c-2.533-4.788-1.65-10.662 2.261-14.41l5.975-5.726c5.61-5.378 14.768-4.112 18.718 2.581zm91.787-91.187c60.14 71.604 60.092 175.882 0 247.428-4.474 5.327-12.53 5.746-17.552.933l-5.798-5.557c-4.56-4.371-4.977-11.529-.93-16.379 49.687-59.538 49.646-145.933 0-205.422-4.047-4.85-3.631-12.008.93-16.379l5.798-5.557c5.022-4.813 13.078-4.394 17.552.933zm-45.972 44.941c36.05 46.322 36.108 111.149 0 157.546-4.39 5.641-12.697 6.251-17.856 1.304l-5.818-5.579c-4.4-4.219-4.998-11.095-1.285-15.931 26.536-34.564 26.534-82.572 0-117.134-3.713-4.836-3.115-11.711 1.285-15.931l5.818-5.579c5.159-4.947 13.466-4.337 17.856 1.304z\"><\/path><\/svg>\t\t\t\t<\/a>\n\t\t\t<\/div>\n\t\t\t\n\t\t\t\t\t\t<div class=\"elementor-icon-box-content\">\n\n\t\t\t\t\t\t\t\t\t<h4 class=\"elementor-icon-box-title\">\n\t\t\t\t\t\t<a href=\"tel:0740531822\" >\n\t\t\t\t\t\t\tTelefon\t\t\t\t\t\t<\/a>\n\t\t\t\t\t<\/h4>\n\t\t\t\t\n\t\t\t\t\t\t\t\t\t<p class=\"elementor-icon-box-description\">\n\t\t\t\t\t\t+40 740 531 822\t\t\t\t\t<\/p>\n\t\t\t\t\n\t\t\t<\/div>\n\t\t\t\n\t\t<\/div>\n\t\t\t\t\t\t<\/div>\n\t\t\t\t<\/div>\n\t\t\t\t<\/div>\n\t\t<div class=\"elementor-element elementor-element-1cdb9534 e-con-full e-flex e-con e-child\" data-id=\"1cdb9534\" data-element_type=\"container\">\n\t\t\t\t<div class=\"elementor-element elementor-element-301db40c elementor-view-framed elementor-shape-circle elementor-position-top elementor-mobile-position-top elementor-widget elementor-widget-icon-box\" data-id=\"301db40c\" data-element_type=\"widget\" data-widget_type=\"icon-box.default\">\n\t\t\t\t<div class=\"elementor-widget-container\">\n\t\t\t\t\t\t\t<div class=\"elementor-icon-box-wrapper\">\n\n\t\t\t\t\t\t<div class=\"elementor-icon-box-icon\">\n\t\t\t\t<a href=\"mailto:traducerigermanagalati@gmail.com?subject=Traducere%20document&#038;body=Buna%20ziua,\" class=\"elementor-icon\" tabindex=\"-1\" aria-label=\"Email\">\n\t\t\t\t<svg aria-hidden=\"true\" class=\"e-font-icon-svg e-fas-envelope-open-text\" viewbox=\"0 0 512 512\" xmlns=\"http:\/\/www.w3.org\/2000\/svg\"><path d=\"M176 216h160c8.84 0 16-7.16 16-16v-16c0-8.84-7.16-16-16-16H176c-8.84 0-16 7.16-16 16v16c0 8.84 7.16 16 16 16zm-16 80c0 8.84 7.16 16 16 16h160c8.84 0 16-7.16 16-16v-16c0-8.84-7.16-16-16-16H176c-8.84 0-16 7.16-16 16v16zm96 121.13c-16.42 0-32.84-5.06-46.86-15.19L0 250.86V464c0 26.51 21.49 48 48 48h416c26.51 0 48-21.49 48-48V250.86L302.86 401.94c-14.02 10.12-30.44 15.19-46.86 15.19zm237.61-254.18c-8.85-6.94-17.24-13.47-29.61-22.81V96c0-26.51-21.49-48-48-48h-77.55c-3.04-2.2-5.87-4.26-9.04-6.56C312.6 29.17 279.2-.35 256 0c-23.2-.35-56.59 29.17-73.41 41.44-3.17 2.3-6 4.36-9.04 6.56H96c-26.51 0-48 21.49-48 48v44.14c-12.37 9.33-20.76 15.87-29.61 22.81A47.995 47.995 0 0 0 0 200.72v10.65l96 69.35V96h320v184.72l96-69.35v-10.65c0-14.74-6.78-28.67-18.39-37.77z\"><\/path><\/svg>\t\t\t\t<\/a>\n\t\t\t<\/div>\n\t\t\t\n\t\t\t\t\t\t<div class=\"elementor-icon-box-content\">\n\n\t\t\t\t\t\t\t\t\t<h4 class=\"elementor-icon-box-title\">\n\t\t\t\t\t\t<a href=\"mailto:traducerigermanagalati@gmail.com?subject=Traducere%20document&#038;body=Buna%20ziua,\" >\n\t\t\t\t\t\t\tEmail\t\t\t\t\t\t<\/a>\n\t\t\t\t\t<\/h4>\n\t\t\t\t\n\t\t\t\t\t\t\t\t\t<p class=\"elementor-icon-box-description\">\n\t\t\t\t\t\ttraducerigermanagalati@gmail.com\n\n\t\t\t\t\t<\/p>\n\t\t\t\t\n\t\t\t<\/div>\n\t\t\t\n\t\t<\/div>\n\t\t\t\t\t\t<\/div>\n\t\t\t\t<\/div>\n\t\t\t\t<\/div>\n\t\t\t\t<\/div>\n\t\t<div class=\"elementor-element elementor-element-194c106e e-con-full e-flex e-con e-child\" data-id=\"194c106e\" data-element_type=\"container\">\n\t\t\t\t<div class=\"elementor-element elementor-element-6e865cf7 elementor-widget elementor-widget-heading\" data-id=\"6e865cf7\" data-element_type=\"widget\" data-widget_type=\"heading.default\">\n\t\t\t\t<div class=\"elementor-widget-container\">\n\t\t\t\t\t<h4 class=\"elementor-heading-title elementor-size-default\">Senden Sie die zu \u00fcbersetzenden Dokumente<br\/> \u00fcber das Kontaktformular<\/h4>\t\t\t\t<\/div>\n\t\t\t\t<\/div>\n\t\t\t\t<div class=\"elementor-element elementor-element-f20e484 elementor-view-framed elementor-shape-circle elementor-widget elementor-widget-icon\" data-id=\"f20e484\" data-element_type=\"widget\" data-widget_type=\"icon.default\">\n\t\t\t\t<div class=\"elementor-widget-container\">\n\t\t\t\t\t\t\t<div class=\"elementor-icon-wrapper\">\n\t\t\t<a class=\"elementor-icon\" href=\"\/de\/impressum\/#contact_form\">\n\t\t\t<svg aria-hidden=\"true\" class=\"e-font-icon-svg e-fab-wpforms\" viewbox=\"0 0 448 512\" xmlns=\"http:\/\/www.w3.org\/2000\/svg\"><path d=\"M448 75.2v361.7c0 24.3-19 43.2-43.2 43.2H43.2C19.3 480 0 461.4 0 436.8V75.2C0 51.1 18.8 32 43.2 32h361.7c24 0 43.1 18.8 43.1 43.2zm-37.3 361.6V75.2c0-3-2.6-5.8-5.8-5.8h-9.3L285.3 144 224 94.1 162.8 144 52.5 69.3h-9.3c-3.2 0-5.8 2.8-5.8 5.8v361.7c0 3 2.6 5.8 5.8 5.8h361.7c3.2.1 5.8-2.7 5.8-5.8zM150.2 186v37H76.7v-37h73.5zm0 74.4v37.3H76.7v-37.3h73.5zm11.1-147.3l54-43.7H96.8l64.5 43.7zm210 72.9v37h-196v-37h196zm0 74.4v37.3h-196v-37.3h196zm-84.6-147.3l64.5-43.7H232.8l53.9 43.7zM371.3 335v37.3h-99.4V335h99.4z\"><\/path><\/svg>\t\t\t<\/a>\n\t\t<\/div>\n\t\t\t\t\t\t<\/div>\n\t\t\t\t<\/div>\n\t\t\t\t<\/div>\n\t\t\t\t<\/div>\n\t\t\t\t<\/div>","protected":false},"excerpt":{"rendered":"<p>Acas\u0103 Despre noi Misiunea noastr\u0103 este de a asigura clien\u021bilor no\u0219tri o comunicare eficient\u0103 \u0219i precis\u0103, at\u00e2t \u00een limba rom\u00e2n\u0103, c\u00e2t \u0219i \u00een limba german\u0103, contribuind la eliminarea barierei lingvistice \u0219i asigur\u00e2ndu-ne c\u0103 mesajele sunt transmise \u00eentr-un mod corect \u0219i profesional. Cu o experien\u021b\u0103 de 20 de ani \u00een domeniul traducerilor \u0219i interpretariatului, ne dorim [&hellip;]<\/p>","protected":false},"author":1,"featured_media":0,"parent":0,"menu_order":0,"comment_status":"closed","ping_status":"closed","template":"","meta":{"footnotes":""},"class_list":["post-318","page","type-page","status-publish","hentry"],"yoast_head":"<!-- This site is optimized with the Yoast SEO plugin v25.3.1 - https:\/\/yoast.com\/wordpress\/plugins\/seo\/ -->\n<title>Despre noi - Traduceri Germana Autorizate \u00een Galati<\/title>\n<meta name=\"description\" content=\"Echipa noastr\u0103 ofer\u0103 traduceri germana autorizate \u00een Gala\u021bi. Translator germana profesionist cu experien\u021b\u0103 \u0219i promptitudine garantat\u0103.\" \/>\n<meta name=\"robots\" content=\"index, follow, max-snippet:-1, max-image-preview:large, max-video-preview:-1\" \/>\n<link rel=\"canonical\" href=\"https:\/\/traduceri-autorizate-germana.ro\/de\/uber-uns\/\" \/>\n<meta property=\"og:locale\" content=\"de_DE\" \/>\n<meta property=\"og:type\" content=\"article\" \/>\n<meta property=\"og:title\" content=\"Despre noi - Traduceri Germana Autorizate \u00een Galati\" \/>\n<meta property=\"og:description\" content=\"Echipa noastr\u0103 ofer\u0103 traduceri germana autorizate \u00een Gala\u021bi. Translator germana profesionist cu experien\u021b\u0103 \u0219i promptitudine garantat\u0103.\" \/>\n<meta property=\"og:url\" content=\"https:\/\/traduceri-autorizate-germana.ro\/de\/uber-uns\/\" \/>\n<meta property=\"og:site_name\" content=\"Traduceri autorizate\" \/>\n<meta property=\"article:modified_time\" content=\"2025-06-28T13:35:12+00:00\" \/>\n<meta name=\"twitter:card\" content=\"summary_large_image\" \/>\n<meta name=\"twitter:label1\" content=\"Gesch\u00e4tzte Lesezeit\" \/>\n\t<meta name=\"twitter:data1\" content=\"1\u00a0Minute\" \/>\n<script type=\"application\/ld+json\" class=\"yoast-schema-graph\">{\"@context\":\"https:\/\/schema.org\",\"@graph\":[{\"@type\":\"WebPage\",\"@id\":\"https:\/\/traduceri-autorizate-germana.ro\/de\/uber-uns\/\",\"url\":\"https:\/\/traduceri-autorizate-germana.ro\/de\/uber-uns\/\",\"name\":\"Despre noi - Traduceri Germana Autorizate \u00een Galati\",\"isPartOf\":{\"@id\":\"https:\/\/traduceri-autorizate-germana.ro\/#website\"},\"datePublished\":\"2023-08-01T09:47:03+00:00\",\"dateModified\":\"2025-06-28T13:35:12+00:00\",\"description\":\"Echipa noastr\u0103 ofer\u0103 traduceri germana autorizate \u00een Gala\u021bi. Translator germana profesionist cu experien\u021b\u0103 \u0219i promptitudine garantat\u0103.\",\"breadcrumb\":{\"@id\":\"https:\/\/traduceri-autorizate-germana.ro\/de\/uber-uns\/#breadcrumb\"},\"inLanguage\":\"de\",\"potentialAction\":[{\"@type\":\"ReadAction\",\"target\":[\"https:\/\/traduceri-autorizate-germana.ro\/de\/uber-uns\/\"]}]},{\"@type\":\"BreadcrumbList\",\"@id\":\"https:\/\/traduceri-autorizate-germana.ro\/de\/uber-uns\/#breadcrumb\",\"itemListElement\":[{\"@type\":\"ListItem\",\"position\":1,\"name\":\"Prima pagin\u0103\",\"item\":\"https:\/\/traduceri-autorizate-germana.ro\/\"},{\"@type\":\"ListItem\",\"position\":2,\"name\":\"Despre noi\"}]},{\"@type\":\"WebSite\",\"@id\":\"https:\/\/traduceri-autorizate-germana.ro\/#website\",\"url\":\"https:\/\/traduceri-autorizate-germana.ro\/\",\"name\":\"Traduceri Autorizate Germana\",\"description\":\"din german\u0103 \u00een rom\u00e2n\u0103 \u0219i din rom\u00e2n\u0103 \u00een german\u0103\",\"publisher\":{\"@id\":\"https:\/\/traduceri-autorizate-germana.ro\/#organization\"},\"potentialAction\":[{\"@type\":\"SearchAction\",\"target\":{\"@type\":\"EntryPoint\",\"urlTemplate\":\"https:\/\/traduceri-autorizate-germana.ro\/?s={search_term_string}\"},\"query-input\":{\"@type\":\"PropertyValueSpecification\",\"valueRequired\":true,\"valueName\":\"search_term_string\"}}],\"inLanguage\":\"de\"},{\"@type\":\"Organization\",\"@id\":\"https:\/\/traduceri-autorizate-germana.ro\/#organization\",\"name\":\"Traduceri Autorizate Germana\",\"url\":\"https:\/\/traduceri-autorizate-germana.ro\/\",\"logo\":{\"@type\":\"ImageObject\",\"inLanguage\":\"de\",\"@id\":\"https:\/\/traduceri-autorizate-germana.ro\/#\/schema\/logo\/image\/\",\"url\":\"https:\/\/traduceri-autorizate-germana.ro\/wp-content\/uploads\/2023\/07\/logo_diacritice.png\",\"contentUrl\":\"https:\/\/traduceri-autorizate-germana.ro\/wp-content\/uploads\/2023\/07\/logo_diacritice.png\",\"width\":1078,\"height\":372,\"caption\":\"Traduceri Autorizate Germana\"},\"image\":{\"@id\":\"https:\/\/traduceri-autorizate-germana.ro\/#\/schema\/logo\/image\/\"}}]}<\/script>\n<!-- \/ Yoast SEO plugin. -->","yoast_head_json":{"title":"Despre noi - Traduceri Germana Autorizate \u00een Galati","description":"Echipa noastr\u0103 ofer\u0103 traduceri germana autorizate \u00een Gala\u021bi. Translator germana profesionist cu experien\u021b\u0103 \u0219i promptitudine garantat\u0103.","robots":{"index":"index","follow":"follow","max-snippet":"max-snippet:-1","max-image-preview":"max-image-preview:large","max-video-preview":"max-video-preview:-1"},"canonical":"https:\/\/traduceri-autorizate-germana.ro\/de\/uber-uns\/","og_locale":"de_DE","og_type":"article","og_title":"Despre noi - Traduceri Germana Autorizate \u00een Galati","og_description":"Echipa noastr\u0103 ofer\u0103 traduceri germana autorizate \u00een Gala\u021bi. Translator germana profesionist cu experien\u021b\u0103 \u0219i promptitudine garantat\u0103.","og_url":"https:\/\/traduceri-autorizate-germana.ro\/de\/uber-uns\/","og_site_name":"Traduceri autorizate","article_modified_time":"2025-06-28T13:35:12+00:00","twitter_card":"summary_large_image","twitter_misc":{"Gesch\u00e4tzte Lesezeit":"1\u00a0Minute"},"schema":{"@context":"https:\/\/schema.org","@graph":[{"@type":"WebPage","@id":"https:\/\/traduceri-autorizate-germana.ro\/de\/uber-uns\/","url":"https:\/\/traduceri-autorizate-germana.ro\/de\/uber-uns\/","name":"Despre noi - Traduceri Germana Autorizate \u00een Galati","isPartOf":{"@id":"https:\/\/traduceri-autorizate-germana.ro\/#website"},"datePublished":"2023-08-01T09:47:03+00:00","dateModified":"2025-06-28T13:35:12+00:00","description":"Echipa noastr\u0103 ofer\u0103 traduceri germana autorizate \u00een Gala\u021bi. Translator germana profesionist cu experien\u021b\u0103 \u0219i promptitudine garantat\u0103.","breadcrumb":{"@id":"https:\/\/traduceri-autorizate-germana.ro\/de\/uber-uns\/#breadcrumb"},"inLanguage":"de","potentialAction":[{"@type":"ReadAction","target":["https:\/\/traduceri-autorizate-germana.ro\/de\/uber-uns\/"]}]},{"@type":"BreadcrumbList","@id":"https:\/\/traduceri-autorizate-germana.ro\/de\/uber-uns\/#breadcrumb","itemListElement":[{"@type":"ListItem","position":1,"name":"Prima pagin\u0103","item":"https:\/\/traduceri-autorizate-germana.ro\/"},{"@type":"ListItem","position":2,"name":"Despre noi"}]},{"@type":"WebSite","@id":"https:\/\/traduceri-autorizate-germana.ro\/#website","url":"https:\/\/traduceri-autorizate-germana.ro\/","name":"Traduceri Autorizate Germana","description":"din german\u0103 \u00een rom\u00e2n\u0103 \u0219i din rom\u00e2n\u0103 \u00een german\u0103","publisher":{"@id":"https:\/\/traduceri-autorizate-germana.ro\/#organization"},"potentialAction":[{"@type":"SearchAction","target":{"@type":"EntryPoint","urlTemplate":"https:\/\/traduceri-autorizate-germana.ro\/?s={search_term_string}"},"query-input":{"@type":"PropertyValueSpecification","valueRequired":true,"valueName":"search_term_string"}}],"inLanguage":"de"},{"@type":"Organization","@id":"https:\/\/traduceri-autorizate-germana.ro\/#organization","name":"Traduceri Autorizate Germana","url":"https:\/\/traduceri-autorizate-germana.ro\/","logo":{"@type":"ImageObject","inLanguage":"de","@id":"https:\/\/traduceri-autorizate-germana.ro\/#\/schema\/logo\/image\/","url":"https:\/\/traduceri-autorizate-germana.ro\/wp-content\/uploads\/2023\/07\/logo_diacritice.png","contentUrl":"https:\/\/traduceri-autorizate-germana.ro\/wp-content\/uploads\/2023\/07\/logo_diacritice.png","width":1078,"height":372,"caption":"Traduceri Autorizate Germana"},"image":{"@id":"https:\/\/traduceri-autorizate-germana.ro\/#\/schema\/logo\/image\/"}}]}},"_links":{"self":[{"href":"https:\/\/traduceri-autorizate-germana.ro\/de\/wp-json\/wp\/v2\/pages\/318","targetHints":{"allow":["GET"]}}],"collection":[{"href":"https:\/\/traduceri-autorizate-germana.ro\/de\/wp-json\/wp\/v2\/pages"}],"about":[{"href":"https:\/\/traduceri-autorizate-germana.ro\/de\/wp-json\/wp\/v2\/types\/page"}],"author":[{"embeddable":true,"href":"https:\/\/traduceri-autorizate-germana.ro\/de\/wp-json\/wp\/v2\/users\/1"}],"replies":[{"embeddable":true,"href":"https:\/\/traduceri-autorizate-germana.ro\/de\/wp-json\/wp\/v2\/comments?post=318"}],"version-history":[{"count":1,"href":"https:\/\/traduceri-autorizate-germana.ro\/de\/wp-json\/wp\/v2\/pages\/318\/revisions"}],"predecessor-version":[{"id":1173,"href":"https:\/\/traduceri-autorizate-germana.ro\/de\/wp-json\/wp\/v2\/pages\/318\/revisions\/1173"}],"wp:attachment":[{"href":"https:\/\/traduceri-autorizate-germana.ro\/de\/wp-json\/wp\/v2\/media?parent=318"}],"curies":[{"name":"wp","href":"https:\/\/api.w.org\/{rel}","templated":true}]}}